{"id":117,"date":"2020-04-06T16:07:51","date_gmt":"2020-04-06T14:07:51","guid":{"rendered":"https:\/\/www.achala.ch\/versandarten\/"},"modified":"2023-08-24T16:40:32","modified_gmt":"2023-08-24T14:40:32","slug":"versandarten","status":"publish","type":"page","link":"https:\/\/www.achala.ch\/fr\/versandarten\/","title":{"rendered":"Exp\u00e9dition et paiement"},"content":{"rendered":"<p>Les conditions suivantes s'appliquent :<\/p><p><strong>Conditions d'exp\u00e9dition<\/strong><\/p><p>La livraison s'effectue exclusivement dans l'UE.<\/p><p><strong>Frais<\/strong>&nbsp;d'exp\u00e9dition (TVA comprise)<\/p><p>Wir berechnen die Versandkosten pauschal mit CHF 9.00 pro Bestellung.<\/p><p><strong>D\u00e9lais de livraison<\/strong><\/p><p>Sauf indication contraire dans l'offre respective, les marchandises seront livr\u00e9es dans un d\u00e9lai de 3 \u00e0 5 jours.<br>Veuillez noter qu'il n'y aura pas de livraison les dimanches et jours f\u00e9ri\u00e9s.<br>Si vous avez command\u00e9 des articles avec des d\u00e9lais de livraison diff\u00e9rents, nous enverrons les marchandises en une seule fois, \u00e0 moins que nous n'ayons pris d'autres dispositions avec vous. Dans ce cas, le d\u00e9lai de livraison est d\u00e9termin\u00e9 par l'article que vous avez command\u00e9 et dont le d\u00e9lai de livraison est le plus long.<\/p><p><strong>Conditions de paiement<\/strong><\/p><p><strong>Vous disposez des possibilit\u00e9s de paiement suivantes :<\/strong><\/p><p><strong>\u2013&nbsp;&nbsp;<\/strong>Paiement anticip\u00e9 par virement bancaire<br><strong>\u2013<\/strong>&nbsp; Paiement par PayPal.&nbsp;<br><strong>\u2013<\/strong> Paiement par facture<\/p><p><strong>Autres d\u00e9tails sur le paiement<\/strong><\/p><p>Le paiement par facture est possible sous la condition suivante :<\/p><p>Uniquement pour les concessionnaires et les clients commerciaux \u00e0 partir de la 3e commande r\u00e9ussie.<\/p><p>Le montant de la facture doit \u00eatre r\u00e9gl\u00e9 dans les 14 jours en cas de paiement par facture.<\/p><p><strong>Nos coordonn\u00e9es bancaires :<\/strong><\/p><p>Postfinance AG<br>IBAN: CH93 0900 0000 1509 5074 5<br>Empf\u00e4nger: ACHALA Schweiz<br>BC-Nr. 9000<\/p><p>Si vous avez des questions, vous trouverez nos coordonn\u00e9es dans les mentions l\u00e9gales ou utilisez le formulaire de contact.<\/p>","protected":false},"excerpt":{"rendered":"<p>Es gelten folgende Bedingungen: Versandbedingungen Die Lieferung erfolgt auschliesslich in die Schweiz. Versandkosten&nbsp;(inklusive gesetzliche Mehrwertsteuer) Wir berechnen die Versandkosten pauschal mit CHF 9.00 pro Bestellung. Lieferfristen Soweit im jeweiligen Angebot keine andere Frist angegeben ist, erfolgt die Lieferung der Ware&nbsp; innerhalb von 3 \u2013 5 Tagen.Beachten Sie, dass an Sonn-&#8230;<\/p>","protected":false},"author":1,"featured_media":0,"parent":0,"menu_order":0,"comment_status":"closed","ping_status":"closed","template":"","meta":{"footnotes":""},"class_list":["post-117","page","type-page","status-publish","hentry"],"_links":{"self":[{"href":"https:\/\/www.achala.ch\/fr\/wp-json\/wp\/v2\/pages\/117","targetHints":{"allow":["GET"]}}],"collection":[{"href":"https:\/\/www.achala.ch\/fr\/wp-json\/wp\/v2\/pages"}],"about":[{"href":"https:\/\/www.achala.ch\/fr\/wp-json\/wp\/v2\/types\/page"}],"author":[{"embeddable":true,"href":"https:\/\/www.achala.ch\/fr\/wp-json\/wp\/v2\/users\/1"}],"replies":[{"embeddable":true,"href":"https:\/\/www.achala.ch\/fr\/wp-json\/wp\/v2\/comments?post=117"}],"version-history":[{"count":2,"href":"https:\/\/www.achala.ch\/fr\/wp-json\/wp\/v2\/pages\/117\/revisions"}],"predecessor-version":[{"id":1103,"href":"https:\/\/www.achala.ch\/fr\/wp-json\/wp\/v2\/pages\/117\/revisions\/1103"}],"wp:attachment":[{"href":"https:\/\/www.achala.ch\/fr\/wp-json\/wp\/v2\/media?parent=117"}],"curies":[{"name":"wp","href":"https:\/\/api.w.org\/{rel}","templated":true}]}}