{"id":15,"date":"2015-06-14T19:47:26","date_gmt":"2015-06-14T19:47:26","guid":{"rendered":"https:\/\/www.achala.ch\/image-galleries\/"},"modified":"2026-03-15T20:25:37","modified_gmt":"2026-03-15T19:25:37","slug":"produkt-information","status":"publish","type":"page","link":"https:\/\/www.achala.ch\/fr\/produkt-information\/","title":{"rendered":"Informations sur les produits"},"content":{"rendered":"<div class=\"wpb-content-wrapper\"><div class=\"vc_row wpb_row vc_row-fluid\"><div class=\"wpb_column vc_column_container vc_col-sm-12\"><div class=\"vc_column-inner\"><div class=\"wpb_wrapper\">\n\t<div class=\"wpb_text_column wpb_content_element\" >\n\t\t<div class=\"wpb_wrapper\">\n\t\t\t<p><strong>Devenez le sauveur de l'Amazonie!<\/strong><\/p>\n<p><strong>10 % du prix de vente seront revers\u00e9s \u00e0 l'organisation <em>Fund the Planet<\/em>!<\/strong><br \/>\nWerden Sie zum Retter des Amazonas und sch\u00fctzen Sie den Regenwald nachhaltig! Mit Ihrem Beitrag machen Sie ein St\u00fcck Regenwald zu Ihrem pers\u00f6nlichen Naturschutzgebiet und sorgen daf\u00fcr, dass dieser <em>intouchable<\/em> bleibt.<\/p>\n<p>La <em>for\u00eat tropicale<\/em> ist Lebensraum unz\u00e4hliger Tier-, Pflanzen- und Mikroorganismenarten, von denen viele einzigartig auf der Welt sind.Ihr Engagement hilft, das <em>d'\u00e9quilibre<\/em> de la nature pour la biodiversit\u00e9, le climat global et le pr\u00e9cieux stockage de carbone.<\/p>\n<p>https:\/\/fundtheplanet.net\/<\/p>\n\n\t\t<\/div>\n\t<\/div>\n\n\t<div class=\"wpb_text_column wpb_content_element\" >\n\t\t<div class=\"wpb_wrapper\">\n\t\t\t<div class=\"wpb_text_column wpb_content_element\">\n<div class=\"wpb_wrapper\">\n<h4><strong>MON ENTREPRISE VIT POUR \"COSM\u00c9TIQUES POUR L'AVENIR\".<\/strong><\/h4>\n<p>Notre corps conna\u00eet les substances naturelles. Notre peau sait tr\u00e8s bien si quelque chose est fabriqu\u00e9 industriellement ou vraiment \u00e0 la main et si les plantes ont \u00e9t\u00e9 cueillies avec amour et attention envers la nature. C'est pourquoi je travaille exclusivement avec des ESSENCES PURES issues de la NATURE intacte.<\/p>\n<p><strong>MES MATI\u00c9RIAUX BRUTS SONT :<\/strong><\/p>\n<ul>\n<li>Des herbes sauvages des montagnes de Vermio, que nous cueillons soigneusement \u00e0 la main. Les plantes sauvages poss\u00e8dent des vertus m\u00e9dicinales de haute qualit\u00e9, car elles choisissent elles-m\u00eames leur emplacement et se d\u00e9veloppent sans influence humaine.<\/li>\n<li>Huile d'olive, press\u00e9e \u00e0 froid, biologique &amp; indig\u00e8ne de Panajota, chez qui j'ai travaill\u00e9 \u00e0 la r\u00e9colte des olives. L'huile d'olive satisfait \u00e0 toutes les exigences en mati\u00e8re d'absence d'allergies et permet d'\u00e9viter les irritations de la peau et l'absorption de produits chimiques.<\/li>\n<li>Cire d'abeille de qualit\u00e9 sup\u00e9rieure de l'apiculteur local Dimos.<\/li>\n<li>Distillat de raisin du viticulteur BIO Kostis de Naoussa, la meilleure r\u00e9gion productrice de vin rouge de Gr\u00e8ce.<\/li>\n<li>Huiles essentielles biologiques, pour la plupart indig\u00e8nes, que j'utilise avec prudence, car je suis consciente du nombre de parties de plantes n\u00e9cessaires pour une goutte.<\/li>\n<li>Beurre de karit\u00e9 remu\u00e9 \u00e0 froid et lanoline sans pesticides pour la cr\u00e8me de jour de Michael en Allemagne.<\/li>\n<\/ul>\n<p>&nbsp;<\/p>\n<p><strong>ACHALA COSM\u00c9TIQUES AUX HERBES, HUILES &amp; POMMADES AUX HERBES\u00a0\u00a0 <\/strong><\/p>\n<p>Je ne cueille que des parties isol\u00e9es de chaque plante, c'est ce qu'on appelle la cueillette <strong>durable.<\/strong> Les produits ACHALA se distinguent par le soin apport\u00e9 \u00e0 la MAZERATION (extrait d'huile d'olive aux herbes) directement sur place, ainsi que par la transformation douce \u00e0 la main et les ingr\u00e9dients biologiques. Ils conviennent parfaitement aux b\u00e9b\u00e9s, aux enfants en bas \u00e2ge, aux personnes allergiques et aux vegan, notamment gr\u00e2ce \u00e0 l'absence de tout polluant.<\/p>\n<p><strong>Assurance qualit\u00e9 gr\u00e2ce aux certifications suivantes<\/strong><\/p>\n<ul>\n<li>Manufacture : EO\u03a6 : Organisation nationale de la  m\u00e9dicine n\u00b0 60733<\/li>\n<li>Fabrication : GMP Cosmetic (Good Manufacturing Practice)<\/li>\n<li>Produits : CPNP (portail de notification pour les produits cosm\u00e9tiques).<\/li>\n<li>Herbes sauvages : autorisation du service forestier de Naoussa<\/li>\n<li>BIO : en cours de certification DEMETER.<\/li>\n<\/ul>\n<p>In Zusammenarbeit mit erfahrenen Natur\u00e4rztinnen und Gyn\u00e4kologinnen aus der Schweiz und einer griechischen Chemikerin als Sicherheitsberaterin.<\/p>\n<p>Les pots et les flacons sont fabriqu\u00e9s en verre <strong>recyclable.<\/strong> .<\/p>\n<\/div>\n<\/div>\n\n\t\t<\/div>\n\t<\/div>\n\n<div class=\"vc_grid-container-wrapper vc_clearfix vc_grid-animation-zoomIn\">\n\t<div class=\"vc_grid-container vc_clearfix wpb_content_element vc_masonry_media_grid\" data-initial-loading-animation=\"zoomIn\" data-vc-grid-settings=\"{&quot;page_id&quot;:15,&quot;style&quot;:&quot;lazy-masonry&quot;,&quot;action&quot;:&quot;vc_get_vc_grid_data&quot;,&quot;shortcode_id&quot;:&quot;1773601915532-519268f8-89db-7&quot;,&quot;items_per_page&quot;:&quot;8&quot;,&quot;tag&quot;:&quot;vc_masonry_media_grid&quot;}\" data-vc-request=\"https:\/\/www.achala.ch\/wp-admin\/admin-ajax.php\" data-vc-post-id=\"15\" data-vc-public-nonce=\"50be222c50\">\n\t\t\n\t<\/div>\n<\/div><\/div><\/div><\/div><\/div><div class=\"vc_row wpb_row vc_row-fluid\"><div class=\"wpb_column vc_column_container vc_col-sm-12\"><div class=\"vc_column-inner\"><div class=\"wpb_wrapper\">\n\t<div class=\"wpb_text_column wpb_content_element\" >\n\t\t<div class=\"wpb_wrapper\">\n\t\t\t<div class=\"container products-grid inline-4-grid blog\">\n<div class=\"container\">\n<div class=\"blog-post hentry post-15 page type-page status-publish\">\n<div class=\"vc_row wpb_row vc_row-fluid\">\n<div class=\"wpb_column vc_column_container vc_col-sm-12\">\n<div class=\"vc_column-inner\">\n<div class=\"wpb_wrapper\">\n<div class=\"wpb_text_column wpb_content_element\">\n<div class=\"wpb_wrapper\">\n<p><strong>COSM\u00c9TIQUE AUX HERBES\u00a0 <\/strong><\/p>\n<p>La peau du visage est le miroir du pass\u00e9. Prendre soin de la peau devrait \u00e9galement impliquer de prendre soin de l'esprit. Les rides sont un signe de sagesse.<\/p>\n<p><strong>Chaque peau est diff\u00e9rente<\/strong> - c'est pourquoi je n'\u00e9cris que peu sur l'efficacit\u00e9 respective, chacun doit pouvoir se sentir \u00e0 l'aise avec son parfum pr\u00e9f\u00e9r\u00e9.<\/p>\n<p>Comme les ACHALA CREMES DE JOUR et de NUIT contiennent de l'eau mais pas de conservateurs, elles ne se conservent que 3 mois apr\u00e8s ouverture. Ils sont cependant bien tol\u00e9r\u00e9es, notamment par les personnes allergiques. L'huile d'olive poss\u00e8de un facteur de protection solaire naturel.<\/p>\n<p>Nous recommandons de conserver les cr\u00e8mes au r\u00e9frig\u00e9rateur et de les r\u00e9chauffer dans la main avant de les utiliser. Elles sont ainsi agr\u00e9ables \u00e0 appliquer et d\u00e9veloppent leurs principes actifs. \u00c0 utiliser avec beaucoup d'\u00e9conomie!<\/p>\n<p>Les cr\u00e8mes pour le visage ACHALA sont toujours fra\u00eeches et produites en petites quantit\u00e9s afin de garantir le plus haut niveau de qualit\u00e9 possible.<\/p>\n<p><strong>POUR LA ZONE INTIME DE LA FEMME \u00a0<\/strong><\/p>\n<p>Les produits de soins intimes naturels ACHALA sont compos\u00e9s d'extraits biologiques d'huile d'olive v\u00e9g\u00e9tale ou de toniques v\u00e9g\u00e9taux, \u00e0 usage interne ou externe.<\/p>\n<p>Ils soulagent de nombreux troubles et pr\u00e9viennent de nombreux probl\u00e8mes, car les rem\u00e8des naturels et leurs substances connaissent le corps et l'\u00e2me, contrairement aux substances chimiques qui sont des corps \u00e9trangers pour notre organisme.<\/p>\n<p><strong>HUILES CORPORELLES \u00a0<\/strong><\/p>\n<p>La peau ab\u00eem\u00e9e profite des propri\u00e9t\u00e9s apaisantes et propri\u00e9t\u00e9s intens\u00e9ment r\u00e9g\u00e9n\u00e9ratrices des huiles de soin. Apr\u00e8s le soleil, elles agissent m\u00eame comme une lotion apr\u00e8s-soleil nourrissante. Elles peuvent \u00e9galement \u00eatre utilis\u00e9es comme huiles de massage ou de bain et sont un \u00e9lixir de vie pour le corps et l'esprit.<\/p>\n<p>UTILISATION : appliquer sur la peau humide apr\u00e8s la douche ou utiliser comme additif de bain, en ajoutant dans le bain complet.<\/p>\n<p><strong>PFLEGENDE KR\u00c4UTER\u00d6LE \u00a0<\/strong><\/p>\n<p>Die ACHALA KR\u00c4UTER\u00d6LE\u00a0 legen sich sch\u00fctzend auf die Haut und unterst\u00fctzen ihre nat\u00fcrliche Balance.<\/p>\n<p><strong>PFLEGENDE\u00a0KR\u00c4UTERSALBEN \u00a0<\/strong><\/p>\n<p>Die ACHALA KR\u00c4UTERSALBEN legen sich sch\u00fctzend auf die Haut und unterst\u00fctzen ihre nat\u00fcrliche Balance.<\/p>\n<\/div>\n<\/div>\n<\/div>\n<\/div>\n<\/div>\n<\/div>\n<\/div>\n<\/div>\n<\/div>\n\n\t\t<\/div>\n\t<\/div>\n\n<div class=\"vc_grid-container-wrapper vc_clearfix vc_grid-animation-zoomIn\">\n\t<div class=\"vc_grid-container vc_clearfix wpb_content_element vc_masonry_media_grid\" data-initial-loading-animation=\"zoomIn\" data-vc-grid-settings=\"{&quot;page_id&quot;:15,&quot;style&quot;:&quot;lazy-masonry&quot;,&quot;action&quot;:&quot;vc_get_vc_grid_data&quot;,&quot;shortcode_id&quot;:&quot;1773601915532-d672aa7d-3fd1-3&quot;,&quot;items_per_page&quot;:&quot;8&quot;,&quot;tag&quot;:&quot;vc_masonry_media_grid&quot;}\" data-vc-request=\"https:\/\/www.achala.ch\/wp-admin\/admin-ajax.php\" data-vc-post-id=\"15\" data-vc-public-nonce=\"50be222c50\">\n\t\t\n\t<\/div>\n<\/div><\/div><\/div><\/div><\/div>\n<\/div>","protected":false},"excerpt":{"rendered":"Werde zum Retter des Amazonas! 10 % des Verkaufserl\u00f6ses flie\u00dfen direkt an die Organisation Fund the Planet! Werden Sie zum Retter des Amazonas und sch\u00fctzen Sie den Regenwald nachhaltig! Mit Ihrem Beitrag machen Sie ein St\u00fcck Regenwald zu Ihrem pers\u00f6nlichen Naturschutzgebiet und sorgen daf\u00fcr, dass dieser unantastbar bleibt. Der Regenwald...","protected":false},"author":1,"featured_media":0,"parent":0,"menu_order":0,"comment_status":"closed","ping_status":"closed","template":"","meta":{"footnotes":""},"class_list":["post-15","page","type-page","status-publish","hentry"],"_links":{"self":[{"href":"https:\/\/www.achala.ch\/fr\/wp-json\/wp\/v2\/pages\/15","targetHints":{"allow":["GET"]}}],"collection":[{"href":"https:\/\/www.achala.ch\/fr\/wp-json\/wp\/v2\/pages"}],"about":[{"href":"https:\/\/www.achala.ch\/fr\/wp-json\/wp\/v2\/types\/page"}],"author":[{"embeddable":true,"href":"https:\/\/www.achala.ch\/fr\/wp-json\/wp\/v2\/users\/1"}],"replies":[{"embeddable":true,"href":"https:\/\/www.achala.ch\/fr\/wp-json\/wp\/v2\/comments?post=15"}],"version-history":[{"count":60,"href":"https:\/\/www.achala.ch\/fr\/wp-json\/wp\/v2\/pages\/15\/revisions"}],"predecessor-version":[{"id":1481,"href":"https:\/\/www.achala.ch\/fr\/wp-json\/wp\/v2\/pages\/15\/revisions\/1481"}],"wp:attachment":[{"href":"https:\/\/www.achala.ch\/fr\/wp-json\/wp\/v2\/media?parent=15"}],"curies":[{"name":"wp","href":"https:\/\/api.w.org\/{rel}","templated":true}]}}