{"id":33,"date":"2015-06-05T16:08:52","date_gmt":"2015-06-05T16:08:52","guid":{"rendered":"https:\/\/www.achala.ch\/blog\/"},"modified":"2024-03-04T13:31:57","modified_gmt":"2024-03-04T12:31:57","slug":"blog","status":"publish","type":"page","link":"https:\/\/www.achala.ch\/fr\/blog\/","title":{"rendered":"Blog"},"content":{"rendered":"<figure class=\"wp-block-image size-large\"><img loading=\"lazy\" decoding=\"async\" width=\"1024\" height=\"682\" src=\"https:\/\/www.achala.ch\/wp-content\/uploads\/2023\/01\/Lavendel1-1024x682.jpg\" alt=\"\" class=\"wp-image-1008\" srcset=\"https:\/\/www.achala.ch\/wp-content\/uploads\/2023\/01\/Lavendel1-1024x682.jpg 1024w, https:\/\/www.achala.ch\/wp-content\/uploads\/2023\/01\/Lavendel1-300x200.jpg 300w, https:\/\/www.achala.ch\/wp-content\/uploads\/2023\/01\/Lavendel1-768x512.jpg 768w, https:\/\/www.achala.ch\/wp-content\/uploads\/2023\/01\/Lavendel1-1536x1024.jpg 1536w, https:\/\/www.achala.ch\/wp-content\/uploads\/2023\/01\/Lavendel1-18x12.jpg 18w, https:\/\/www.achala.ch\/wp-content\/uploads\/2023\/01\/Lavendel1-600x400.jpg 600w, https:\/\/www.achala.ch\/wp-content\/uploads\/2023\/01\/Lavendel1.jpg 2000w\" sizes=\"auto, (max-width: 1024px) 100vw, 1024px\" \/><\/figure><h2 class=\"wp-block-heading\">Faire partie de la nature<\/h2><p>Le silence autour de moi. Je me prom\u00e8ne dans les montagnes grecques, le Vermio, ma maison.<br>Hier finde ich innere Ruhe. Mich ganz darauf einzulassen, meine Gedanken auf den Weg, die Pflanzen, B\u00e4ume, Str\u00e4ucher fokussieren, sie f\u00fchlen. Immer wieder stehenbleiben, achtsam wahrnehmen, ohne interpretieren, das f\u00e4llt einem oft sehr schwer.<\/p><p>Es braucht \u00dcbung, doch der erste Schritt z\u00e4hlt, auch Du kannst es lernen.<\/p><p>G\u00f6nn DIR eine AUSZEIT<\/p><p>Erholung f\u00fcr deine SEELE und eine Entdeckungsreise zu den griechischen Berg-Heil-KR\u00c4UTERN.<\/p><p><br>\ud83c\udf31Sehen, h\u00f6ren, riechen, ber\u00fchren, schmecken, f\u00fchlen &amp; entfalten. \ud83c\udf31<\/p><p>Mit allen Sinnen wahrnehmen, was Du brauchst. In der bl\u00fchenden Pflanze begegnet der Beobachter sich selbst. Es gibt eine Seelenverwandtschaft zwischen Mensch und Pflanze. Was uns auff\u00e4llt, brauchen wir.<br>Si tu te tais, tu commences \u00e0 entendre la sagesse des animaux et des plantes, car l'\u00e9tude des plantes est aussi l'\u00e9tude de l'\u00e2me. D\u00e9couvre toi-m\u00eame ta plante m\u00e9dicinale qui parle \u00e0 ton \u00e2me!<\/p><p>Verbinde Dich mit der WAHREN NATUR entdecke das Potential &#8211; in Dir \u2013 wieder!<\/p><p><strong>\ud83d\udc49 In meinem 1. Seminar vom 24.4. \u2013 29.4.2024<\/strong>   > weitere Daten in der Webseite &lt;<\/p><p><br>J'aimerais te transmettre mon profond attachement \u00e0 la nature.<br><\/p><p>In Naoussa, unterhalb des Vermio-Gebirges, 90 km westlich von Thessaloniki<\/p><p> &#8211; hier der Link dazu:   <a href=\"https:\/\/www.achala.org\" data-type=\"URL\" data-id=\"https:\/\/www.achala.org\">https:\/\/www.achala.org<\/a><\/p><figure class=\"wp-block-embed is-type-wp-embed is-provider-achala-seminar wp-block-embed-achala-seminar\"><div class=\"wp-block-embed__wrapper\">\n<blockquote class=\"wp-embedded-content\" data-secret=\"8uGmUdpJcA\"><a href=\"https:\/\/achala.org\/\">Home<\/a><\/blockquote><iframe loading=\"lazy\" class=\"wp-embedded-content\" sandbox=\"allow-scripts\" security=\"restricted\" style=\"position: absolute; clip: rect(1px, 1px, 1px, 1px);\" title=\"&#8222;Home&#8220; &#8212; Achala Seminar\" src=\"https:\/\/achala.org\/embed\/#?secret=FkiA6lj3i7#?secret=8uGmUdpJcA\" data-secret=\"8uGmUdpJcA\" width=\"600\" height=\"338\" frameborder=\"0\" marginwidth=\"0\" marginheight=\"0\" scrolling=\"no\"><\/iframe>\n<\/div><\/figure><p><\/p><p><strong>Das Seminar beinhaltet:<\/strong>\u00a0<\/p><p><strong><em>Voyages de d\u00e9couverte<\/em><\/strong><br>- Herboristerie &amp; ses vertus th\u00e9rapeutiques<br>- Les abeilles, nos alli\u00e9es<br>- Fabriquer des pommades<br>- Cosm\u00e9tiques naturels<\/p><p><br><strong><em>\u00catre dans la NATURE<\/em><\/strong><br>- \u00c9couter les cigales dans un hamac<br>- Perception de la nature<br>- cueillir des plantes<br>- Essences pures<\/p><p><br>D\u00e9couvrir le jardin sauvage - moins, c'est plus.<\/p><p><br>Le cadre est adapt\u00e9 individuellement. Le nombre de participants est limit\u00e9 \u00e0 4 personnes.<br>Je me r\u00e9jouis de vous faire d\u00e9couvrir la nature par le biais d'un ressenti attentif.<br>Sylvia Achala Zurm\u00fchl<\/p><h2 class=\"wp-block-heading\"><\/h2>","protected":false},"excerpt":{"rendered":"<p>Ein Teil der NATUR sein Stille um mich herum. Ich wandere in den griechischen Bergen, dem Vermio, meinem Zuhause.Hier finde ich innere Ruhe. Mich ganz darauf einzulassen, meine Gedanken auf den Weg, die Pflanzen, B\u00e4ume, Str\u00e4ucher fokussieren, sie f\u00fchlen. Immer wieder stehenbleiben, achtsam wahrnehmen, ohne interpretieren, das f\u00e4llt einem oft&#8230;<\/p>","protected":false},"author":1,"featured_media":0,"parent":0,"menu_order":0,"comment_status":"closed","ping_status":"closed","template":"","meta":{"footnotes":""},"class_list":["post-33","page","type-page","status-publish","hentry"],"_links":{"self":[{"href":"https:\/\/www.achala.ch\/fr\/wp-json\/wp\/v2\/pages\/33","targetHints":{"allow":["GET"]}}],"collection":[{"href":"https:\/\/www.achala.ch\/fr\/wp-json\/wp\/v2\/pages"}],"about":[{"href":"https:\/\/www.achala.ch\/fr\/wp-json\/wp\/v2\/types\/page"}],"author":[{"embeddable":true,"href":"https:\/\/www.achala.ch\/fr\/wp-json\/wp\/v2\/users\/1"}],"replies":[{"embeddable":true,"href":"https:\/\/www.achala.ch\/fr\/wp-json\/wp\/v2\/comments?post=33"}],"version-history":[{"count":2,"href":"https:\/\/www.achala.ch\/fr\/wp-json\/wp\/v2\/pages\/33\/revisions"}],"predecessor-version":[{"id":1159,"href":"https:\/\/www.achala.ch\/fr\/wp-json\/wp\/v2\/pages\/33\/revisions\/1159"}],"wp:attachment":[{"href":"https:\/\/www.achala.ch\/fr\/wp-json\/wp\/v2\/media?parent=33"}],"curies":[{"name":"wp","href":"https:\/\/api.w.org\/{rel}","templated":true}]}}