{"id":234,"date":"2020-04-13T08:24:03","date_gmt":"2020-04-13T06:24:03","guid":{"rendered":"https:\/\/www.achala.ch\/?post_type=product&#038;p=234"},"modified":"2026-04-12T09:38:32","modified_gmt":"2026-04-12T07:38:32","slug":"achala-kraeutersalbe-lindenblueten-30-ml","status":"publish","type":"product","link":"https:\/\/www.achala.ch\/fr\/shop\/achala-kraeutersalbe-lindenblueten-30-ml\/","title":{"rendered":"POMMADE AUX HERBES ACHALA avec tilleul  PEAUX SECHES 30ml"},"content":{"rendered":"<div class=\"blog-post features\">\n<p><strong>MON ENTREPRISE VIT POUR \"COSM\u00c9TIQUES POUR L'AVENIR\"<\/strong><\/p>\n<p>Notre corps conna\u00eet les substances naturelles. Notre peau sait tr\u00e8s bien si quelque chose est fabriqu\u00e9 industriellement ou vraiment \u00e0 la main et si les plantes ont \u00e9t\u00e9 cueillies avec amour et attention envers la nature. C'est pourquoi je travaille exclusivement avec des ESSENCES PURES issues de la NATURE intacte.<\/p>\n<p><strong>MES MATI\u00c9RIAUX BRUTS SONT :<\/strong><\/p>\n<ul>\n<li>Des herbes sauvages des montagnes de Vermio, que nous cueillons soigneusement \u00e0 la main. Les plantes sauvages poss\u00e8dent des vertus m\u00e9dicinales de haute qualit\u00e9, car elles choisissent elles-m\u00eames leur emplacement et se d\u00e9veloppent sans influence humaine.<\/li>\n<li>Huile d'olive, press\u00e9e \u00e0 froid, biologique &amp; indig\u00e8ne de Panajota, chez qui j'ai travaill\u00e9 \u00e0 la r\u00e9colte des olives. L'huile d'olive satisfait \u00e0 toutes les exigences en mati\u00e8re d'absence d'allergies et permet d'\u00e9viter les irritations de la peau et l'absorption de produits chimiques.<\/li>\n<li>Cire d'abeille de qualit\u00e9 sup\u00e9rieure de l'apiculteur local Dimos.<\/li>\n<li>Distillat de raisin du viticulteur BIO Kostis de Naoussa, la meilleure r\u00e9gion productrice de vin rouge de Gr\u00e8ce.<\/li>\n<li>Huiles essentielles biologiques, pour la plupart indig\u00e8nes, que j'utilise avec prudence, car je suis consciente du nombre de parties de plantes n\u00e9cessaires pour une goutte.<\/li>\n<li>Beurre de karit\u00e9 remu\u00e9 \u00e0 froid et lanoline sans pesticides pour la cr\u00e8me de jour de Michael en Allemagne.<\/li>\n<\/ul>\n<p><strong>\u00a0<\/strong><\/p>\n<p><strong>ACHALA Kr\u00e4uterkosmetik, Kr\u00e4uter\u00f6le &amp; Kr\u00e4utersalben\u00a0 <\/strong>Nous ne cueillont que des parties isol\u00e9es de chaque plante, c'est ce qu'on appelle la cueillette <strong>durable.<\/strong> Les produits ACHALA se distinguent par le soin apport\u00e9 \u00e0 la MAZERATION (extrait d'huile d'olive aux herbes) directement sur place, ainsi que par la transformation douce \u00e0 la main et les ingr\u00e9dients biologiques. Ils conviennent parfaitement aux b\u00e9b\u00e9s, aux enfants en bas \u00e2ge, aux personnes allergiques et aux vegan, notamment gr\u00e2ce \u00e0 l'absence de tout polluant. <strong>recyclable.<\/strong> .<\/p>\n<p><strong>Assurance qualit\u00e9 gr\u00e2ce aux certifications suivantes<\/strong><\/p>\n<ul>\n<li>Manufacture : EO\u03a6 : Organisation nationale de la  m\u00e9dicine n\u00b0 60733<\/li>\n<li>Fabrication : GMP Cosmetic (Good Manufacturing Practice)<\/li>\n<li>Produits : CPNP (portail de notification pour les produits cosm\u00e9tiques).<\/li>\n<li>Herbes sauvages : autorisation du service forestier de Naoussa<\/li>\n<li>BIO : en cours de certification DEMETER.<\/li>\n<\/ul>\n<p>En collaboration avec des naturopathes  exp\u00e9riment\u00e9s de Suisse et une chimiste grecque en tant que conseill\u00e8re en mati\u00e8re de s\u00e9curit\u00e9.<\/p>\n<\/div>","protected":false},"excerpt":{"rendered":"<div class=\"woocommerce-product-details__short-description\">\n<div class=\"page\" title=\"Page 30\">\n<div class=\"layoutArea\">\n<div class=\"column\">\n<p><strong>POMMADE AUX HERBES ACHALA avec tilleul\u00a0 <\/strong><\/p>\n<p><strong>POUR PEAUX SECHES<\/strong><\/p>\n<p>Douce. Nourrissante. Discr\u00e8te.<\/p>\n<p>Calendula et fleurs de tilleul, douces et enveloppantes. Pour la peau,\nlorsqu\u2019elle est s\u00e8che, tendue et en manque de soins. Du beurre de cacao qui nourrit et redonne lentement ce qui a \u00e9t\u00e9 perdu.<\/p>\n<p>Une touche de rose, chaude et profonde. Comme une hydratation silencieuse de la peau \u2013 couche apr\u00e8s couche. Pour les mains, les pieds et toutes les zones qui ont besoin de plus qu\u2019un simple soin.<\/p>\n<p>Un baume qui ne masque pas, mais qui prend soin.<\/p>\n<\/div>\n<\/div>\n<\/div>\n<p>Discr\u00e8te. Douce. P\u00e9n\u00e9trante.<\/p>\n<p data-start=\"722\" data-end=\"735\">Rien d\u2019autre.<\/p>\n<\/div>\n<p>&nbsp;<\/p>\n<p>&nbsp;<\/p>\n<p>Un v\u00e9ritable savoir-faire artisanal \u00e0 base d'ingr\u00e9dients naturels de grande qualit\u00e9 !<\/p>\n<p>Oliven\u00f6l bringt nicht nur pflegende Fetts\u00e4uren, sondern auch nat\u00fcrliche Antioxidantien mit, die die Haut sch\u00fctzen und n\u00e4hren. Frischpflanzen-Extrakte liefern wertvolle sekund\u00e4re Pflanzenstoffe, Vitamine und Enzyme, die die Haut vitalisieren und unterst\u00fctzen. Bienenwachs sorgt f\u00fcr die n\u00f6tige Stabilit\u00e4t und bildet einen sch\u00fctzenden Film, der Feuchtigkeit bewahrt. Und das kalte R\u00fchren von Hand bewahrt die empfindlichen Inhaltsstoffe, die bei Hitze verloren gehen k\u00f6nnten, und hilft dabei, die Wassertr\u00f6pfchen fein in der \u00d6lphase zu verteilen.<\/p>\n<p>C'est ainsi qu'un soin efficace et durable est \u00e9labor\u00e9 \u00e0 partir de moyens simples et naturels, dans le cadre d'un processus de fabrication respectueux. Tel un petit \u00e9cosyst\u00e8me dans le pot de cr\u00e8me, qui respecte autant la peau que l'environnement.<\/p>\n<p>&nbsp;<\/p>\n<div class=\"woocommerce-product-details__short-description\">\n<div class=\"page\" title=\"Page 30\">\n<div class=\"layoutArea\">\n<p><em>CPNP\u00a0 2782086<\/em><\/p>\n<\/div>\n<\/div>\n<p>&nbsp;<\/p>\n<p>INCI: Olea europea fruit oil (huile d'olive), Calendula officinalis extract (souci-mac\u00e9rat), Tilia vulgaris extract (tilleul-mac\u00e9rat), Malva sylvestris extract (mauve-mac\u00e9rat), Cera alba (cire d'abeille), Lanolin cera (cire de laine), Theobroma cacao (beurre de cacao), Rosa damascena water (l'eau de rose), Vitis vinifera distillate (distillat de raisin), Calendula officinalis extract (souci-teinture m\u00e8re)<\/p>\n<\/div>","protected":false},"featured_media":1216,"comment_status":"open","ping_status":"closed","template":"","meta":[],"product_brand":[],"product_cat":[120,118],"product_tag":[114],"class_list":{"0":"post-234","1":"product","2":"type-product","3":"status-publish","4":"has-post-thumbnail","6":"product_cat-koerper","7":"product_cat-wildkraeutersalben","8":"product_tag-naturpflegeprodukt","9":"product_shipping_class-schweizerische-post","11":"first","12":"instock","13":"taxable","14":"shipping-taxable","15":"purchasable","16":"product-type-simple"},"_links":{"self":[{"href":"https:\/\/www.achala.ch\/fr\/wp-json\/wp\/v2\/product\/234","targetHints":{"allow":["GET"]}}],"collection":[{"href":"https:\/\/www.achala.ch\/fr\/wp-json\/wp\/v2\/product"}],"about":[{"href":"https:\/\/www.achala.ch\/fr\/wp-json\/wp\/v2\/types\/product"}],"replies":[{"embeddable":true,"href":"https:\/\/www.achala.ch\/fr\/wp-json\/wp\/v2\/comments?post=234"}],"wp:featuredmedia":[{"embeddable":true,"href":"https:\/\/www.achala.ch\/fr\/wp-json\/wp\/v2\/media\/1216"}],"wp:attachment":[{"href":"https:\/\/www.achala.ch\/fr\/wp-json\/wp\/v2\/media?parent=234"}],"wp:term":[{"taxonomy":"product_brand","embeddable":true,"href":"https:\/\/www.achala.ch\/fr\/wp-json\/wp\/v2\/product_brand?post=234"},{"taxonomy":"product_cat","embeddable":true,"href":"https:\/\/www.achala.ch\/fr\/wp-json\/wp\/v2\/product_cat?post=234"},{"taxonomy":"product_tag","embeddable":true,"href":"https:\/\/www.achala.ch\/fr\/wp-json\/wp\/v2\/product_tag?post=234"}],"curies":[{"name":"wp","href":"https:\/\/api.w.org\/{rel}","templated":true}]}}