{"id":244,"date":"2020-04-13T08:41:08","date_gmt":"2020-04-13T06:41:08","guid":{"rendered":"https:\/\/www.achala.ch\/?post_type=product&#038;p=244"},"modified":"2026-04-11T13:10:52","modified_gmt":"2026-04-11T11:10:52","slug":"achala-kraeutersalbe-arnika-johanniskraut-30-ml","status":"publish","type":"product","link":"https:\/\/www.achala.ch\/fr\/shop\/achala-kraeutersalbe-arnika-johanniskraut-30-ml\/","title":{"rendered":"POMMADE AUX HERBES ACHALA arnica &amp; millepertuis 30ml"},"content":{"rendered":"<div class=\"blog-post features\">\n<p><strong>Notre ENTREPRISE VIT POUR \"COSM\u00c9TIQUES POUR L'AVENIR\"<\/strong><\/p>\n<p>Notre corps conna\u00eet les substances naturelles. Notre peau sait tr\u00e8s bien si quelque chose est fabriqu\u00e9 industriellement ou vraiment \u00e0 la main et si les plantes ont \u00e9t\u00e9 cueillies avec amour et attention envers la nature. C'est pourquoi je travaille exclusivement avec des ESSENCES PURES issues de la NATURE intacte.<\/p>\n<p><strong>MES MATI\u00c9RIAUX BRUTS SONT :<\/strong><\/p>\n<ul>\n<li>Des herbes sauvages des montagnes de Vermio, que nous cueillons soigneusement \u00e0 la main. Les plantes sauvages poss\u00e8dent des vertus m\u00e9dicinales de haute qualit\u00e9, car elles choisissent elles-m\u00eames leur emplacement et se d\u00e9veloppent sans influence humaine.<\/li>\n<li>Huile d'olive, press\u00e9e \u00e0 froid, biologique &amp; indig\u00e8ne de Panajota, chez qui j'ai travaill\u00e9 \u00e0 la r\u00e9colte des olives. L'huile d'olive satisfait \u00e0 toutes les exigences en mati\u00e8re d'absence d'allergies et permet d'\u00e9viter les irritations de la peau et l'absorption de produits chimiques.<\/li>\n<li>Cire d'abeille de qualit\u00e9 sup\u00e9rieure de l'apiculteur local Dimos.<\/li>\n<li>Distillat de raisin du viticulteur BIO Kostis de Naoussa, la meilleure r\u00e9gion productrice de vin rouge de Gr\u00e8ce.<\/li>\n<li>Huiles essentielles biologiques, pour la plupart indig\u00e8nes, que j'utilise avec prudence, car je suis consciente du nombre de parties de plantes n\u00e9cessaires pour une goutte.<\/li>\n<li>Beurre de karit\u00e9 remu\u00e9 \u00e0 froid et lanoline sans pesticides pour la cr\u00e8me de jour de Michael en Allemagne.<\/li>\n<\/ul>\n<p>&nbsp;<\/p>\n<p><strong>ACHALA cosm\u00e9tiques aux herbes, huiles &amp; pommades aux herbes\u00a0 <\/strong>Nous ne cueillont que des parties isol\u00e9es de chaque plante, c'est ce qu'on appelle la cueillette <strong>durable.<\/strong> Les produits ACHALA se distinguent par le soin apport\u00e9 \u00e0 la MAZERATION (extrait d'huile d'olive aux herbes) directement sur place, ainsi que par la transformation douce \u00e0 la main et les ingr\u00e9dients biologiques. Ils conviennent parfaitement aux b\u00e9b\u00e9s, aux enfants en bas \u00e2ge, aux personnes allergiques et aux vegan, notamment gr\u00e2ce \u00e0 l'absence de tout polluant. <strong>recyclable.<\/strong> .<\/p>\n<p><strong>Assurance qualit\u00e9 gr\u00e2ce aux certifications suivantes<\/strong><\/p>\n<ul>\n<li>Manufacture : EO\u03a6 : Organisation nationale de la  m\u00e9dicine n\u00b0 60733<\/li>\n<li>Fabrication : GMP Cosmetic (Good Manufacturing Practice)<\/li>\n<li>Produits : CPNP (portail de notification pour les produits cosm\u00e9tiques).<\/li>\n<li>Herbes sauvages : autorisation du service forestier de Naoussa<\/li>\n<li>BIO : en cours de certification DEMETER.<\/li>\n<\/ul>\n<p>&nbsp;<\/p>\n<\/div>","protected":false},"excerpt":{"rendered":"<div class=\"woocommerce-product-details__short-description\">\n<div class=\"page\" title=\"Page 28\">\n<div class=\"layoutArea\">\n<div class=\"column\">\n<p><strong>POMMADE AUX HERBES ACHALA arnica &amp; millepertuis <\/strong><\/p>\n<p><strong>POMMADE CONTRE LA DOULEUR<\/strong><\/p>\n<p>Parfois, il n\u2019en faut pas beaucoup. Juste un instant. Une pause. Un contact. Cette pommade est issue de ce qui pousse juste devant ma porte. Je l\u2019utilise pour moi-m\u00eame lorsque mon corps r\u00e9clame de l\u2019attention.<\/p>\n<p>L\u2019arnica, le millepertuis et la consoude sont appr\u00e9ci\u00e9s depuis des g\u00e9n\u00e9rations dans la phytoth\u00e9rapie traditionnelle \u2013 leur pouvoir s\u2019exprime ici sous une forme simple et authentique.<\/p>\n<p>La pommade forme un voile protecteur sur la peau et favorise son \u00e9quilibre naturel. En la massant, une chaleur se d\u00e9gage qui va au-del\u00e0 de la peau. Une sensation de l\u00e2cher-prise : de retour \u00e0 moi-m\u00eame.<\/p>\n<p>Peut-\u00eatre connais-tu toi aussi de tels moments. Peut-\u00eatre souhaites-tu t\u2019en offrir plus souvent. Cette pommade aux herbes s\u2019utilise dans les cas suivants :<\/p>\n<p>- arthrose<br \/>\n- rhumatisme<br \/>\n- entorses<br \/>\n- douleur aux articulations<br \/>\n- douleur aux articulations<br \/>\n- h\u00e9matomes et oed\u00e8mes<\/p>\n<p><em>ATTENTION : \u00c9vitez l'exposition intensive au soleil, car le millepertuis rend la peau sensible \u00e0 la lumi\u00e8re. Le millepertuis ne convient pas pour la dermatite du p\u00e2turin des pr\u00e9s !<\/em><\/p>\n<\/div>\n<\/div>\n<\/div>\n<\/div>\n<p>&nbsp;<\/p>\n<div class=\"woocommerce-product-details__short-description\">\n<p>Un v\u00e9ritable savoir-faire artisanal \u00e0 base d'ingr\u00e9dients naturels de grande qualit\u00e9 !<\/p>\n<p><strong>L'huile d'olive<\/strong>\u00a0apporte non seulement des acides gras nourrissants, mais aussi des antioxydants naturels qui prot\u00e8gent et nourrissent la peau.<br \/>\n<strong>Les extraits de plantes fra\u00eeches<\/strong>\u00a0fournissent de pr\u00e9cieux compos\u00e9s phytochimiques, des vitamines et des enzymes qui revitalisent et renforcent la peau.<br \/>\n<strong>Cire d\u2019abeille<\/strong>\u00a0assure la stabilit\u00e9 n\u00e9cessaire et forme un film protecteur qui pr\u00e9serve l'hydratation.<br \/>\nEt le\u00a0<strong>m\u00e9lange \u00e0 froid \u00e0 la main<\/strong>\u00a0pr\u00e9serve les ingr\u00e9dients sensibles qui pourraient se d\u00e9grader \u00e0 la chaleur, tout en aidant \u00e0 r\u00e9partir finement les gouttelettes d'eau dans la phase huileuse.<\/p>\n<p>C'est ainsi qu'un soin efficace et durable est \u00e9labor\u00e9 \u00e0 partir de moyens simples et naturels, dans le cadre d'un processus de fabrication respectueux. Tel un petit \u00e9cosyst\u00e8me dans le pot de cr\u00e8me, qui respecte autant la peau que l'environnement.<\/p>\n<p>&nbsp;<\/p>\n<p><em>CPNP\u00a0 2783060<\/em><\/p>\n<p>INCI: Olea europea fruit oil (Oliven\u00f6l), Hypericum perforatum extract (Johanniskraut-Mazerat), Rosmarinus officinalis extract (Rosmarin-Mazerat), Verbascum thapsus extract (K\u00f6nigskerze-Mazerat), Cera alba (Bienenwachs), Vitis vinifera distillate (Traubendestillat), Symphytum officinalis extract (Beinwell-Urtinktur), Juniperus communis extract (Wachaolder-Urtinktur), Arnica montana extract (Arnica-Urtinktur), Limonene<\/p>\n<\/div>\n<div class=\"product_meta\"><\/div>","protected":false},"featured_media":1210,"comment_status":"open","ping_status":"closed","template":"","meta":[],"product_brand":[],"product_cat":[120,118],"product_tag":[114],"class_list":{"0":"post-244","1":"product","2":"type-product","3":"status-publish","4":"has-post-thumbnail","6":"product_cat-koerper","7":"product_cat-wildkraeutersalben","8":"product_tag-naturpflegeprodukt","9":"product_shipping_class-schweizerische-post","11":"first","12":"instock","13":"taxable","14":"shipping-taxable","15":"purchasable","16":"product-type-simple"},"_links":{"self":[{"href":"https:\/\/www.achala.ch\/fr\/wp-json\/wp\/v2\/product\/244","targetHints":{"allow":["GET"]}}],"collection":[{"href":"https:\/\/www.achala.ch\/fr\/wp-json\/wp\/v2\/product"}],"about":[{"href":"https:\/\/www.achala.ch\/fr\/wp-json\/wp\/v2\/types\/product"}],"replies":[{"embeddable":true,"href":"https:\/\/www.achala.ch\/fr\/wp-json\/wp\/v2\/comments?post=244"}],"wp:featuredmedia":[{"embeddable":true,"href":"https:\/\/www.achala.ch\/fr\/wp-json\/wp\/v2\/media\/1210"}],"wp:attachment":[{"href":"https:\/\/www.achala.ch\/fr\/wp-json\/wp\/v2\/media?parent=244"}],"wp:term":[{"taxonomy":"product_brand","embeddable":true,"href":"https:\/\/www.achala.ch\/fr\/wp-json\/wp\/v2\/product_brand?post=244"},{"taxonomy":"product_cat","embeddable":true,"href":"https:\/\/www.achala.ch\/fr\/wp-json\/wp\/v2\/product_cat?post=244"},{"taxonomy":"product_tag","embeddable":true,"href":"https:\/\/www.achala.ch\/fr\/wp-json\/wp\/v2\/product_tag?post=244"}],"curies":[{"name":"wp","href":"https:\/\/api.w.org\/{rel}","templated":true}]}}