{"id":609,"date":"2020-11-08T15:50:29","date_gmt":"2020-11-08T14:50:29","guid":{"rendered":"https:\/\/www.achala.ch\/?post_type=product&#038;p=609"},"modified":"2026-04-14T17:47:26","modified_gmt":"2026-04-14T15:47:26","slug":"achala-deo-kraeutersalbe-mit-lavendel-fuer-frauen-30-ml","status":"publish","type":"product","link":"https:\/\/www.achala.ch\/fr\/shop\/achala-deo-kraeutersalbe-mit-lavendel-fuer-frauen-30-ml\/","title":{"rendered":"DEO ACHALA POMMADE AUX HERBES \u00e0 la lavande POUR LES FEMMES 30ml"},"content":{"rendered":"<p><strong>Notre ENTREPRISE VIT POUR \"COSM\u00c9TIQUES POUR L'AVENIR\"<\/strong><\/p>\n<p>Notre corps conna\u00eet les substances naturelles. Notre peau sait tr\u00e8s bien si quelque chose est fabriqu\u00e9 industriellement ou vraiment \u00e0 la main et si les plantes ont \u00e9t\u00e9 cueillies avec amour et attention envers la nature. C'est pourquoi je travaille exclusivement avec des ESSENCES PURES issues de la NATURE intacte.<\/p>\n<p><strong>MES MATI\u00c9RIAUX BRUTS SONT :<\/strong><\/p>\n<ul>\n<li>Des herbes sauvages des montagnes de Vermio, que nous cueillons soigneusement \u00e0 la main. Les plantes sauvages poss\u00e8dent des vertus m\u00e9dicinales de haute qualit\u00e9, car elles choisissent elles-m\u00eames leur emplacement et se d\u00e9veloppent sans influence humaine.<\/li>\n<li>Huile d'olive, press\u00e9e \u00e0 froid, biologique &amp; indig\u00e8ne de Panajota, chez qui j'ai travaill\u00e9 \u00e0 la r\u00e9colte des olives. L'huile d'olive satisfait \u00e0 toutes les exigences en mati\u00e8re d'absence d'allergies et permet d'\u00e9viter les irritations de la peau et l'absorption de produits chimiques.<\/li>\n<li>Cire d'abeille de qualit\u00e9 sup\u00e9rieure de l'apiculteur local Dimos.<\/li>\n<li>Distillat de raisin du viticulteur BIO Kostis de Naoussa, la meilleure r\u00e9gion productrice de vin rouge de Gr\u00e8ce.<\/li>\n<li>Huiles essentielles biologiques, pour la plupart indig\u00e8nes, que j'utilise avec prudence, car je suis consciente du nombre de parties de plantes n\u00e9cessaires pour une goutte.<\/li>\n<li>Beurre de karit\u00e9 remu\u00e9 \u00e0 froid et lanoline sans pesticides pour la cr\u00e8me de jour de Michael en Allemagne.<\/li>\n<\/ul>\n<p><strong>\u00a0<\/strong><\/p>\n<p><strong>ACHALA cosm\u00e9tiques aux herbes, huiles &amp; pommades aux herbes<\/strong> <strong>Salben\u00a0 <\/strong>nous ne cueillons que des parties isol\u00e9es de chaque plante, c'est ce qu'on appelle la cueillette <strong>durable.<\/strong> Les produits ACHALA se distinguent par le soin apport\u00e9 \u00e0 la MAZERATION (extrait d'huile d'olive aux herbes) directement sur place, ainsi que par la transformation douce \u00e0 la main et les ingr\u00e9dients biologiques. Ils conviennent parfaitement aux b\u00e9b\u00e9s, aux enfants en bas \u00e2ge, aux personnes allergiques et aux vegan, notamment gr\u00e2ce \u00e0 l'absence de tout polluant. <strong>recyclable.<\/strong> .<\/p>\n<p><strong>Assurance qualit\u00e9 gr\u00e2ce aux certifications suivantes<\/strong><\/p>\n<ul>\n<li>Manufacture : EO\u03a6 : Organisation nationale de la  m\u00e9dicine n\u00b0 60733<\/li>\n<li>Fabrication : GMP Cosmetic (Good Manufacturing Practice)<\/li>\n<li>Produits : CPNP (portail de notification pour les produits cosm\u00e9tiques).<\/li>\n<li>Herbes sauvages : autorisation du service forestier de Naoussa<\/li>\n<li>BIO : en cours de certification DEMETER.<\/li>\n<\/ul>\n<p>En collaboration avec des naturopathes  exp\u00e9riment\u00e9s de Suisse et une chimiste grecque en tant que conseill\u00e8re en mati\u00e8re de s\u00e9curit\u00e9.<\/p>","protected":false},"excerpt":{"rendered":"<div class=\"woocommerce-product-details__short-description\">\n<div class=\"page\" title=\"Page 16\">\n<div class=\"layoutArea\">\n<div class=\"column\">\n<p><strong>ACHALA POMMADE AUX HERBES \u00e0 la lavande <\/strong><\/p>\n<p data-start=\"213\" data-end=\"237\"><strong data-start=\"213\" data-end=\"237\">DEODORANT POUR LES FEMMES<\/strong><\/p>\n<p data-start=\"239\" data-end=\"332\">Un d\u00e9odorant comme une douce \u00e9treinte pour ta peau \u2013 naturel, l\u00e9ger et au parfum floral.<\/p>\n<p data-start=\"334\" data-end=\"530\">Ce baume d\u00e9odorant r\u00e9unit la puissance d\u2019herbes s\u00e9lectionn\u00e9es : lavande, millepertuis et sauge. Elles accompagnent ton corps \u00e0 leur mani\u00e8re, discr\u00e8te et unique \u2013 en apaisant, purifiant et soutenant.<\/p>\n<p data-start=\"532\" data-end=\"742\">Le bicarbonate de soude aide \u00e0 neutraliser les odeurs de mani\u00e8re naturelle, tandis que l'amidon v\u00e9g\u00e9tal absorbe d\u00e9licatement l'humidit\u00e9. De fines huiles essentielles t'offrent un parfum d\u00e9licat et floral qui t'accompagne tout au long de la journ\u00e9e.<\/p>\n<p data-start=\"744\" data-end=\"895\">Et le plus beau dans tout \u00e7a :<br data-start=\"767\" data-end=\"770\" \/>Ton corps peut continuer \u00e0 faire ce qu'il sait faire naturellement. Rien n'est r\u00e9prim\u00e9 \u2013 tout peut rester en \u00e9quilibre.<\/p>\n<p data-start=\"897\" data-end=\"991\">Peu d'ingr\u00e9dients. Soigneusement s\u00e9lectionn\u00e9s. Une efficacit\u00e9 palpable.<br data-start=\"943\" data-end=\"946\" \/>F\u00fcr ein gutes Gef\u00fchl \u2013 ganz ohne Kompromisse.<\/p>\n<\/div>\n<\/div>\n<\/div>\n<\/div>\n<p>&nbsp;<\/p>\n<p>&nbsp;<\/p>\n<div class=\"woocommerce-product-details__short-description\">\n<p>Un v\u00e9ritable savoir-faire artisanal \u00e0 base d'ingr\u00e9dients naturels de grande qualit\u00e9 !<\/p>\n<p>apporte non seulement des acides gras nourrissants, mais aussi des antioxydants naturels qui prot\u00e8gent et nourrissent la peau.<br \/>\nfournissent de pr\u00e9cieux compos\u00e9s phytochimiques, des vitamines et des enzymes qui revitalisent et renforcent la peau.<br \/>\nCire d'abeille assure la stabilit\u00e9 n\u00e9cessaire et forme un film protecteur qui pr\u00e9serve l'hydratation.<br \/>\npr\u00e9serve les ingr\u00e9dients sensibles qui pourraient se d\u00e9grader \u00e0 la chaleur, tout en aidant \u00e0 r\u00e9partir finement les gouttelettes d'eau dans la phase huileuse.<\/p>\n<p>C'est ainsi qu'un soin efficace et durable est \u00e9labor\u00e9 \u00e0 partir de moyens simples et naturels, dans le cadre d'un processus de fabrication respectueux. Tel un petit \u00e9cosyst\u00e8me dans le pot de cr\u00e8me, qui respecte autant la peau que l'environnement.<\/p>\n<p>&nbsp;<\/p>\n<p>&nbsp;<\/p>\n<p><em>CPNP 3591572<\/em><\/p>\n<p>INCI: Olea europea fruit oil (huile d'olive), Lavandula angustifolia extract (lavande-mac\u00e9rat), Hypericum perforatum extract (millepertuis-mac\u00e9rat), Salvia officinalis extract (sauge-mac\u00e9rat), Cera alba (cire d'abeille), Zea Mays (amidon de ma\u00efs), Limonene, Linalool<\/p>\n<\/div>\n<div class=\"product_meta\"><\/div>","protected":false},"featured_media":669,"comment_status":"open","ping_status":"closed","template":"","meta":[],"product_brand":[],"product_cat":[87,120,118],"product_tag":[114],"class_list":{"0":"post-609","1":"product","2":"type-product","3":"status-publish","4":"has-post-thumbnail","6":"product_cat-deodorant-wildkraeutersalben","7":"product_cat-koerper","8":"product_cat-wildkraeutersalben","9":"product_tag-naturpflegeprodukt","11":"first","12":"instock","13":"taxable","14":"shipping-taxable","15":"purchasable","16":"product-type-simple"},"_links":{"self":[{"href":"https:\/\/www.achala.ch\/fr\/wp-json\/wp\/v2\/product\/609","targetHints":{"allow":["GET"]}}],"collection":[{"href":"https:\/\/www.achala.ch\/fr\/wp-json\/wp\/v2\/product"}],"about":[{"href":"https:\/\/www.achala.ch\/fr\/wp-json\/wp\/v2\/types\/product"}],"replies":[{"embeddable":true,"href":"https:\/\/www.achala.ch\/fr\/wp-json\/wp\/v2\/comments?post=609"}],"wp:featuredmedia":[{"embeddable":true,"href":"https:\/\/www.achala.ch\/fr\/wp-json\/wp\/v2\/media\/669"}],"wp:attachment":[{"href":"https:\/\/www.achala.ch\/fr\/wp-json\/wp\/v2\/media?parent=609"}],"wp:term":[{"taxonomy":"product_brand","embeddable":true,"href":"https:\/\/www.achala.ch\/fr\/wp-json\/wp\/v2\/product_brand?post=609"},{"taxonomy":"product_cat","embeddable":true,"href":"https:\/\/www.achala.ch\/fr\/wp-json\/wp\/v2\/product_cat?post=609"},{"taxonomy":"product_tag","embeddable":true,"href":"https:\/\/www.achala.ch\/fr\/wp-json\/wp\/v2\/product_tag?post=609"}],"curies":[{"name":"wp","href":"https:\/\/api.w.org\/{rel}","templated":true}]}}