{"id":958,"date":"2022-06-16T10:36:11","date_gmt":"2022-06-16T08:36:11","guid":{"rendered":"https:\/\/www.achala.ch\/?post_type=product&#038;p=958"},"modified":"2026-03-31T16:31:26","modified_gmt":"2026-03-31T14:31:26","slug":"achala-anti-mueckenoel-baby-50ml","status":"publish","type":"product","link":"https:\/\/www.achala.ch\/fr\/shop\/achala-anti-mueckenoel-baby-50ml\/","title":{"rendered":"ENFANT HUILE ANTI-MOUSTIQUE ACHALA"},"content":{"rendered":"<p><strong>Notre ENTREPRISE VIT POUR \"COSM\u00c9TIQUES POUR L'AVENIR\"<\/strong><\/p>\n<p>Notre corps conna\u00eet les substances naturelles. Notre peau sait tr\u00e8s bien si quelque chose est fabriqu\u00e9 industriellement ou vraiment \u00e0 la main et si les plantes ont \u00e9t\u00e9 cueillies avec amour et attention envers la nature. C'est pourquoi je travaille exclusivement avec des ESSENCES PURES issues de la NATURE intacte.<\/p>\n<p><strong>MES MATI\u00c9RIAUX BRUTS SONT :<\/strong><\/p>\n<ul>\n<li>Des herbes sauvages des montagnes de Vermio, que nous cueillons soigneusement \u00e0 la main. Les plantes sauvages poss\u00e8dent des vertus m\u00e9dicinales de haute qualit\u00e9, car elles choisissent elles-m\u00eames leur emplacement et se d\u00e9veloppent sans influence humaine.<\/li>\n<li>Oliven\u00f6l, kaltgepresst, biologisch &amp; einheimisch von Panajota. Oliven\u00f6l erf\u00fcllt alle Anspr\u00fcche an Allergiefreiheit und hilft Hautirritationen und die Aufnahme von Chemie zu vermeiden.<\/li>\n<li>Cire d'abeille de qualit\u00e9 sup\u00e9rieure de l'apiculteur local Dimos.<\/li>\n<li>Distillat de raisin du viticulteur BIO Kostis de Naoussa, la meilleure r\u00e9gion productrice de vin rouge de Gr\u00e8ce.<\/li>\n<li>\u00c4therische \u00d6le biologisch, mehrheitlich einheimisch, die wir sehr SPARSAM verwenden, da uns bewusst ist wie viele Pflanzenteile es davon braucht f\u00fcr 1 Tropfen.<\/li>\n<li>Beurre de karit\u00e9 remu\u00e9 \u00e0 froid et lanoline sans pesticides pour la cr\u00e8me de jour de Michael en Allemagne.<\/li>\n<\/ul>\n<p><strong>\u00a0<\/strong><\/p>\n<p><strong>ACHALA cosm\u00e9tiques aux herbes, huiles &amp; pommades aux herbes<\/strong> <strong>Salben\u00a0 <\/strong>Nous ne cueillont que des parties isol\u00e9es de chaque plante, c'est ce qu'on appelle la cueillette <strong>durable.<\/strong> Les produits ACHALA se distinguent par le soin apport\u00e9 \u00e0 la MAZERATION (extrait d'huile d'olive aux herbes) directement sur place, ainsi que par la transformation douce \u00e0 la main et les ingr\u00e9dients biologiques. Ils conviennent parfaitement aux b\u00e9b\u00e9s, aux enfants en bas \u00e2ge, aux personnes allergiques et aux vegan, notamment gr\u00e2ce \u00e0 l'absence de tout polluant. <strong>recyclable.<\/strong> .<\/p>\n<p><strong>Assurance qualit\u00e9 gr\u00e2ce aux certifications suivantes<\/strong><\/p>\n<ul>\n<li>Manufacture : EO\u03a6 : Organisation nationale de la  m\u00e9dicine n\u00b0 60733<\/li>\n<li>Fabrication : GMP Cosmetic (Good Manufacturing Practice)<\/li>\n<li>Produits : CPNP (portail de notification pour les produits cosm\u00e9tiques).<\/li>\n<li>Herbes sauvages : autorisation du service forestier de Naoussa<\/li>\n<li>BIO : COSMOS ORGANIC est vis\u00e9.<\/li>\n<\/ul>\n<p>En collaboration avec des naturopathes et des gyn\u00e9cologues exp\u00e9riment\u00e9s de Suisse et une chimiste grecque en tant que conseill\u00e8re en mati\u00e8re de s\u00e9curit\u00e9.<\/p>\n<p>&nbsp;<\/p>","protected":false},"excerpt":{"rendered":"<div class=\"page\" title=\"Page 23\">\n<div class=\"layoutArea\">\n<div class=\"column\">\n<p><strong>ENFANT HUILE ANTI-MOUSTIQUE ACHALA<\/strong><\/p>\n<p>Les huiles naturelles d'asp\u00e9rule (Asperula odorata), lavande, et de l'huile essentiel citronnelle prot\u00e8gent efficacement contre les moustiques et les insectes.<\/p>\n<p>L'asp\u00e9rule conf\u00e8re \u00e0 cette huile de soin un parfum agr\u00e9able.<\/p>\n<p>Protection v\u00e9g\u00e9tale contre les moustiques pour les enfants de 2 \u00e0 6 ans (pour les b\u00e9b\u00e9s, utiliser UNIQUEMENT le vaporisateur).<\/p>\n<p>1 \u00e0 2 fois par jour sur la peau<\/p>\n<p><em>ATTENTION : Ne convient pas aux enfants de moins de 2 ans !<\/em><\/p>\n<\/div>\n<\/div>\n<\/div>\n<p>&nbsp;<\/p>\n<p>Un v\u00e9ritable savoir-faire artisanal \u00e0 base d'ingr\u00e9dients naturels de grande qualit\u00e9 !<\/p>\n<p><strong>L'huile d'olive<\/strong>\u00a0apporte non seulement des acides gras nourrissants, mais aussi des antioxydants naturels qui prot\u00e8gent et nourrissent la peau.<br \/>\n<strong>Les extraits de plantes fra\u00eeches<\/strong>\u00a0fournissent de pr\u00e9cieux compos\u00e9s phytochimiques, des vitamines et des enzymes qui revitalisent et renforcent la peau.<br \/>\n<strong>Cire d\u2019abeille<\/strong>\u00a0assure la stabilit\u00e9 n\u00e9cessaire et forme un film protecteur qui pr\u00e9serve l'hydratation.<br \/>\nEt le\u00a0<strong>m\u00e9lange \u00e0 froid \u00e0 la main<\/strong>\u00a0pr\u00e9serve les ingr\u00e9dients sensibles qui pourraient se d\u00e9grader \u00e0 la chaleur, tout en aidant \u00e0 r\u00e9partir finement les gouttelettes d'eau dans la phase huileuse.<\/p>\n<p>C'est ainsi qu'un soin efficace et durable est \u00e9labor\u00e9 \u00e0 partir de moyens simples et naturels, dans le cadre d'un processus de fabrication respectueux. Tel un petit \u00e9cosyst\u00e8me dans le pot de cr\u00e8me, qui respecte autant la peau que l'environnement.<\/p>\n<p>&nbsp;<\/p>\n<p>&nbsp;<\/p>\n<p>&nbsp;<\/p>\n<p>INCI: Olea europ\u03b1ea fruit oil (huile d'olive), Asperula odorato extract (asp\u00e9rule-mac\u00e9rat), Lavandula angustifolia extract (lavande-mac\u00e9rat), Citronellol, Geraniol<\/p>","protected":false},"featured_media":1204,"comment_status":"open","ping_status":"closed","template":"","meta":[],"product_brand":[],"product_cat":[117,111],"product_tag":[114],"class_list":{"0":"post-958","1":"product","2":"type-product","3":"status-publish","4":"has-post-thumbnail","6":"product_cat-baby-kleinkinder-wildkraeuteroele","7":"product_cat-wildkraeuteroele","8":"product_tag-naturpflegeprodukt","10":"first","11":"instock","12":"taxable","13":"shipping-taxable","14":"purchasable","15":"product-type-simple"},"_links":{"self":[{"href":"https:\/\/www.achala.ch\/fr\/wp-json\/wp\/v2\/product\/958","targetHints":{"allow":["GET"]}}],"collection":[{"href":"https:\/\/www.achala.ch\/fr\/wp-json\/wp\/v2\/product"}],"about":[{"href":"https:\/\/www.achala.ch\/fr\/wp-json\/wp\/v2\/types\/product"}],"replies":[{"embeddable":true,"href":"https:\/\/www.achala.ch\/fr\/wp-json\/wp\/v2\/comments?post=958"}],"wp:featuredmedia":[{"embeddable":true,"href":"https:\/\/www.achala.ch\/fr\/wp-json\/wp\/v2\/media\/1204"}],"wp:attachment":[{"href":"https:\/\/www.achala.ch\/fr\/wp-json\/wp\/v2\/media?parent=958"}],"wp:term":[{"taxonomy":"product_brand","embeddable":true,"href":"https:\/\/www.achala.ch\/fr\/wp-json\/wp\/v2\/product_brand?post=958"},{"taxonomy":"product_cat","embeddable":true,"href":"https:\/\/www.achala.ch\/fr\/wp-json\/wp\/v2\/product_cat?post=958"},{"taxonomy":"product_tag","embeddable":true,"href":"https:\/\/www.achala.ch\/fr\/wp-json\/wp\/v2\/product_tag?post=958"}],"curies":[{"name":"wp","href":"https:\/\/api.w.org\/{rel}","templated":true}]}}